{"id":25,"date":"2026-02-16T17:44:20","date_gmt":"2026-02-16T16:44:20","guid":{"rendered":"http:\/\/proba.grilluxe.pl\/?page_id=25"},"modified":"2026-02-25T19:14:32","modified_gmt":"2026-02-25T18:14:32","slug":"a","status":"publish","type":"page","link":"https:\/\/monikafraczek.pl\/","title":{"rendered":"g\u0142\u00f3wna"},"content":{"rendered":"\t\t<div data-elementor-type=\"wp-page\" data-elementor-id=\"25\" class=\"elementor elementor-25\">\n\t\t\t\t<div class=\"elementor-element elementor-element-e8c9589 e-flex e-con-boxed e-con e-parent\" data-id=\"e8c9589\" data-element_type=\"container\" data-e-type=\"container\">\n\t\t\t\t\t<div class=\"e-con-inner\">\n\t\t<div class=\"elementor-element elementor-element-8fc4cf0 e-con-full e-flex e-con e-child\" data-id=\"8fc4cf0\" data-element_type=\"container\" data-e-type=\"container\">\n\t\t\t\t<div class=\"elementor-element elementor-element-6e94320 elementor-widget elementor-widget-heading\" data-id=\"6e94320\" data-element_type=\"widget\" data-e-type=\"widget\" data-widget_type=\"heading.default\">\n\t\t\t\t\t<h2 class=\"elementor-heading-title elementor-size-default\">Dla kogo tworz\u0119 strony?<\/h2>\t\t\t\t<\/div>\n\t\t\t\t<div class=\"elementor-element elementor-element-e2f4673 elementor-widget elementor-widget-heading\" data-id=\"e2f4673\" data-element_type=\"widget\" data-e-type=\"widget\" data-widget_type=\"heading.default\">\n\t\t\t\t\t<h6 class=\"elementor-heading-title elementor-size-default\">Pomagam rozwija\u0107 Tw\u00f3j biznes online.<\/h6>\t\t\t\t<\/div>\n\t\t\t\t<\/div>\n\t\t<div class=\"elementor-element elementor-element-7c3fa3d e-con-full e-flex e-con e-child\" data-id=\"7c3fa3d\" data-element_type=\"container\" data-e-type=\"container\">\n\t\t\t\t<\/div>\n\t\t\t\t\t<\/div>\n\t\t\t\t<\/div>\n\t\t<div class=\"elementor-element elementor-element-362efff e-con-full e-flex e-con e-parent\" data-id=\"362efff\" data-element_type=\"container\" data-e-type=\"container\">\n\t\t<div class=\"elementor-element elementor-element-9054cfb e-con-full e-flex e-con e-child\" data-id=\"9054cfb\" data-element_type=\"container\" data-e-type=\"container\" data-settings=\"{&quot;background_background&quot;:&quot;classic&quot;}\">\n\t\t\t\t<div class=\"elementor-element elementor-element-2051e96 elementor-widget elementor-widget-image\" data-id=\"2051e96\" data-element_type=\"widget\" data-e-type=\"widget\" data-widget_type=\"image.default\">\n\t\t\t\t\t\t\t\t\t\t\t\t\t\t\t<img decoding=\"async\" src=\"https:\/\/monikafraczek.pl\/wp-content\/uploads\/elementor\/thumbs\/12-rjojpu5ptxblv45x02dijlj6h5lcsjfx3avsa3cs88.png\" title=\"12\" alt=\"12\" loading=\"lazy\" \/>\t\t\t\t\t\t\t\t\t\t\t\t\t\t\t<\/div>\n\t\t\t\t<div class=\"elementor-element elementor-element-b8a006c elementor-widget elementor-widget-heading\" data-id=\"b8a006c\" data-element_type=\"widget\" data-e-type=\"widget\" data-widget_type=\"heading.default\">\n\t\t\t\t\t<h4 class=\"elementor-heading-title elementor-size-default\">Lokalne firmy<\/h4>\t\t\t\t<\/div>\n\t\t\t\t<\/div>\n\t\t<div class=\"elementor-element elementor-element-5d46929 e-con-full e-flex e-con e-child\" data-id=\"5d46929\" data-element_type=\"container\" data-e-type=\"container\" data-settings=\"{&quot;background_background&quot;:&quot;classic&quot;}\">\n\t\t\t\t<div class=\"elementor-element elementor-element-982910a elementor-widget elementor-widget-image\" data-id=\"982910a\" data-element_type=\"widget\" data-e-type=\"widget\" data-widget_type=\"image.default\">\n\t\t\t\t\t\t\t\t\t\t\t\t\t\t\t<img decoding=\"async\" src=\"https:\/\/monikafraczek.pl\/wp-content\/uploads\/elementor\/thumbs\/13-rjojpu5ptxblv45x02dijlj6h5lcsjfx3avsa3cs88.png\" title=\"13\" alt=\"13\" loading=\"lazy\" \/>\t\t\t\t\t\t\t\t\t\t\t\t\t\t\t<\/div>\n\t\t\t\t<div class=\"elementor-element elementor-element-2e6be73 elementor-widget elementor-widget-heading\" data-id=\"2e6be73\" data-element_type=\"widget\" data-e-type=\"widget\" data-widget_type=\"heading.default\">\n\t\t\t\t\t<h4 class=\"elementor-heading-title elementor-size-default\">Marki osobiste<\/h4>\t\t\t\t<\/div>\n\t\t\t\t<\/div>\n\t\t<div class=\"elementor-element elementor-element-2e34bea e-con-full e-flex e-con e-child\" data-id=\"2e34bea\" data-element_type=\"container\" data-e-type=\"container\" data-settings=\"{&quot;background_background&quot;:&quot;classic&quot;}\">\n\t\t\t\t<div class=\"elementor-element elementor-element-016913f elementor-widget elementor-widget-image\" data-id=\"016913f\" data-element_type=\"widget\" data-e-type=\"widget\" data-widget_type=\"image.default\">\n\t\t\t\t\t\t\t\t\t\t\t\t\t\t\t<img decoding=\"async\" src=\"https:\/\/monikafraczek.pl\/wp-content\/uploads\/elementor\/thumbs\/11-rjojpu5ptxblv45x02dijlj6h5lcsjfx3avsa3cs88.png\" title=\"11\" alt=\"11\" loading=\"lazy\" \/>\t\t\t\t\t\t\t\t\t\t\t\t\t\t\t<\/div>\n\t\t\t\t<div class=\"elementor-element elementor-element-7599af7 elementor-widget elementor-widget-heading\" data-id=\"7599af7\" data-element_type=\"widget\" data-e-type=\"widget\" data-widget_type=\"heading.default\">\n\t\t\t\t\t<h4 class=\"elementor-heading-title elementor-size-default\">Sklepy e-commerce<\/h4>\t\t\t\t<\/div>\n\t\t\t\t<\/div>\n\t\t<div class=\"elementor-element elementor-element-090f41b e-con-full e-flex e-con e-child\" data-id=\"090f41b\" data-element_type=\"container\" data-e-type=\"container\">\n\t\t\t\t<div class=\"elementor-element elementor-element-3dbda01 elementor-widget elementor-widget-spacer\" data-id=\"3dbda01\" data-element_type=\"widget\" data-e-type=\"widget\" data-widget_type=\"spacer.default\">\n\t\t\t\t\t\t\t<div class=\"elementor-spacer\">\n\t\t\t<div class=\"elementor-spacer-inner\"><\/div>\n\t\t<\/div>\n\t\t\t\t\t\t<\/div>\n\t\t\t\t<\/div>\n\t\t<div class=\"elementor-element elementor-element-2842f25 e-con-full e-flex e-con e-child\" data-id=\"2842f25\" data-element_type=\"container\" data-e-type=\"container\">\n\t\t\t\t<div class=\"elementor-element elementor-element-64f16c5 elementor-widget elementor-widget-spacer\" data-id=\"64f16c5\" data-element_type=\"widget\" data-e-type=\"widget\" data-widget_type=\"spacer.default\">\n\t\t\t\t\t\t\t<div class=\"elementor-spacer\">\n\t\t\t<div class=\"elementor-spacer-inner\"><\/div>\n\t\t<\/div>\n\t\t\t\t\t\t<\/div>\n\t\t\t\t<\/div>\n\t\t\t\t<\/div>\n\t\t<div class=\"elementor-element elementor-element-a97ece1 e-con-full e-flex e-con e-parent\" data-id=\"a97ece1\" data-element_type=\"container\" data-e-type=\"container\">\n\t\t\t\t<div class=\"elementor-element elementor-element-5eaee44 elementor-widget elementor-widget-heading\" data-id=\"5eaee44\" data-element_type=\"widget\" data-e-type=\"widget\" data-widget_type=\"heading.default\">\n\t\t\t\t\t<h2 class=\"elementor-heading-title elementor-size-default\">Proces wsp\u00f3\u0142pracy<\/h2>\t\t\t\t<\/div>\n\t\t\t\t<\/div>\n\t\t<div class=\"elementor-element elementor-element-4085f59 e-flex e-con-boxed e-con e-parent\" data-id=\"4085f59\" data-element_type=\"container\" data-e-type=\"container\">\n\t\t\t\t\t<div class=\"e-con-inner\">\n\t\t\t\t<div class=\"elementor-element elementor-element-364fbcb gallery-spacing-custom elementor-widget elementor-widget-image-gallery\" data-id=\"364fbcb\" data-element_type=\"widget\" data-e-type=\"widget\" data-widget_type=\"image-gallery.default\">\n\t\t\t\t\t\t\t<div class=\"elementor-image-gallery\">\n\t\t\t<div id='gallery-1' class='gallery galleryid-25 gallery-columns-5 gallery-size-full'><figure class='gallery-item'>\n\t\t\t<div class='gallery-icon landscape'>\n\t\t\t\t<a data-elementor-open-lightbox=\"yes\" data-elementor-lightbox-slideshow=\"364fbcb\" data-elementor-lightbox-title=\"1\" data-e-action-hash=\"#elementor-action%3Aaction%3Dlightbox%26settings%3DeyJpZCI6MTg1LCJ1cmwiOiJodHRwczpcL1wvbW9uaWthZnJhY3play5wbFwvd3AtY29udGVudFwvdXBsb2Fkc1wvMjAyNlwvMDJcLzEucG5nIiwic2xpZGVzaG93IjoiMzY0ZmJjYiJ9\" href='https:\/\/monikafraczek.pl\/wp-content\/uploads\/2026\/02\/1.png'><img fetchpriority=\"high\" decoding=\"async\" width=\"940\" height=\"788\" src=\"https:\/\/monikafraczek.pl\/wp-content\/uploads\/2026\/02\/1.png\" class=\"attachment-full size-full\" alt=\"\" srcset=\"https:\/\/monikafraczek.pl\/wp-content\/uploads\/2026\/02\/1.png 940w, https:\/\/monikafraczek.pl\/wp-content\/uploads\/2026\/02\/1-300x251.png 300w, https:\/\/monikafraczek.pl\/wp-content\/uploads\/2026\/02\/1-768x644.png 768w\" sizes=\"(max-width: 940px) 100vw, 940px\" \/><\/a>\n\t\t\t<\/div><\/figure><figure class='gallery-item'>\n\t\t\t<div class='gallery-icon landscape'>\n\t\t\t\t<a data-elementor-open-lightbox=\"yes\" data-elementor-lightbox-slideshow=\"364fbcb\" data-elementor-lightbox-title=\"3\" data-e-action-hash=\"#elementor-action%3Aaction%3Dlightbox%26settings%3DeyJpZCI6MTg3LCJ1cmwiOiJodHRwczpcL1wvbW9uaWthZnJhY3play5wbFwvd3AtY29udGVudFwvdXBsb2Fkc1wvMjAyNlwvMDJcLzMucG5nIiwic2xpZGVzaG93IjoiMzY0ZmJjYiJ9\" href='https:\/\/monikafraczek.pl\/wp-content\/uploads\/2026\/02\/3.png'><img decoding=\"async\" width=\"940\" height=\"788\" src=\"https:\/\/monikafraczek.pl\/wp-content\/uploads\/2026\/02\/3.png\" class=\"attachment-full size-full\" alt=\"\" srcset=\"https:\/\/monikafraczek.pl\/wp-content\/uploads\/2026\/02\/3.png 940w, https:\/\/monikafraczek.pl\/wp-content\/uploads\/2026\/02\/3-300x251.png 300w, https:\/\/monikafraczek.pl\/wp-content\/uploads\/2026\/02\/3-768x644.png 768w\" sizes=\"(max-width: 940px) 100vw, 940px\" \/><\/a>\n\t\t\t<\/div><\/figure><figure class='gallery-item'>\n\t\t\t<div class='gallery-icon landscape'>\n\t\t\t\t<a data-elementor-open-lightbox=\"yes\" data-elementor-lightbox-slideshow=\"364fbcb\" data-elementor-lightbox-title=\"2\" data-e-action-hash=\"#elementor-action%3Aaction%3Dlightbox%26settings%3DeyJpZCI6MTg2LCJ1cmwiOiJodHRwczpcL1wvbW9uaWthZnJhY3play5wbFwvd3AtY29udGVudFwvdXBsb2Fkc1wvMjAyNlwvMDJcLzIucG5nIiwic2xpZGVzaG93IjoiMzY0ZmJjYiJ9\" href='https:\/\/monikafraczek.pl\/wp-content\/uploads\/2026\/02\/2.png'><img decoding=\"async\" width=\"940\" height=\"788\" src=\"https:\/\/monikafraczek.pl\/wp-content\/uploads\/2026\/02\/2.png\" class=\"attachment-full size-full\" alt=\"\" srcset=\"https:\/\/monikafraczek.pl\/wp-content\/uploads\/2026\/02\/2.png 940w, https:\/\/monikafraczek.pl\/wp-content\/uploads\/2026\/02\/2-300x251.png 300w, https:\/\/monikafraczek.pl\/wp-content\/uploads\/2026\/02\/2-768x644.png 768w\" sizes=\"(max-width: 940px) 100vw, 940px\" \/><\/a>\n\t\t\t<\/div><\/figure><figure class='gallery-item'>\n\t\t\t<div class='gallery-icon landscape'>\n\t\t\t\t<a data-elementor-open-lightbox=\"yes\" data-elementor-lightbox-slideshow=\"364fbcb\" data-elementor-lightbox-title=\"4\" data-e-action-hash=\"#elementor-action%3Aaction%3Dlightbox%26settings%3DeyJpZCI6MTg4LCJ1cmwiOiJodHRwczpcL1wvbW9uaWthZnJhY3play5wbFwvd3AtY29udGVudFwvdXBsb2Fkc1wvMjAyNlwvMDJcLzQucG5nIiwic2xpZGVzaG93IjoiMzY0ZmJjYiJ9\" href='https:\/\/monikafraczek.pl\/wp-content\/uploads\/2026\/02\/4.png'><img loading=\"lazy\" decoding=\"async\" width=\"940\" height=\"788\" src=\"https:\/\/monikafraczek.pl\/wp-content\/uploads\/2026\/02\/4.png\" class=\"attachment-full size-full\" alt=\"\" srcset=\"https:\/\/monikafraczek.pl\/wp-content\/uploads\/2026\/02\/4.png 940w, https:\/\/monikafraczek.pl\/wp-content\/uploads\/2026\/02\/4-300x251.png 300w, https:\/\/monikafraczek.pl\/wp-content\/uploads\/2026\/02\/4-768x644.png 768w\" sizes=\"(max-width: 940px) 100vw, 940px\" \/><\/a>\n\t\t\t<\/div><\/figure><figure class='gallery-item'>\n\t\t\t<div class='gallery-icon landscape'>\n\t\t\t\t<a data-elementor-open-lightbox=\"yes\" data-elementor-lightbox-slideshow=\"364fbcb\" data-elementor-lightbox-title=\"5\" data-e-action-hash=\"#elementor-action%3Aaction%3Dlightbox%26settings%3DeyJpZCI6MTg5LCJ1cmwiOiJodHRwczpcL1wvbW9uaWthZnJhY3play5wbFwvd3AtY29udGVudFwvdXBsb2Fkc1wvMjAyNlwvMDJcLzUucG5nIiwic2xpZGVzaG93IjoiMzY0ZmJjYiJ9\" href='https:\/\/monikafraczek.pl\/wp-content\/uploads\/2026\/02\/5.png'><img loading=\"lazy\" decoding=\"async\" width=\"940\" height=\"788\" src=\"https:\/\/monikafraczek.pl\/wp-content\/uploads\/2026\/02\/5.png\" class=\"attachment-full size-full\" alt=\"\" srcset=\"https:\/\/monikafraczek.pl\/wp-content\/uploads\/2026\/02\/5.png 940w, https:\/\/monikafraczek.pl\/wp-content\/uploads\/2026\/02\/5-300x251.png 300w, https:\/\/monikafraczek.pl\/wp-content\/uploads\/2026\/02\/5-768x644.png 768w\" sizes=\"(max-width: 940px) 100vw, 940px\" \/><\/a>\n\t\t\t<\/div><\/figure>\n\t\t<\/div>\n\t\t<\/div>\n\t\t\t\t\t\t<\/div>\n\t\t\t\t<div class=\"elementor-element elementor-element-79b2a69 elementor-align-justify elementor-widget__width-inherit elementor-widget elementor-widget-button\" data-id=\"79b2a69\" data-element_type=\"widget\" data-e-type=\"widget\" data-widget_type=\"button.default\">\n\t\t\t\t\t\t\t\t\t\t<a class=\"elementor-button elementor-button-link elementor-size-sm\" href=\"https:\/\/monikafraczek.pl\/?page_id=100\">\n\t\t\t\t\t\t<span class=\"elementor-button-content-wrapper\">\n\t\t\t\t\t\t\t\t\t<span class=\"elementor-button-text\">Skontaktuj si\u0119 ze mn\u0105<\/span>\n\t\t\t\t\t<\/span>\n\t\t\t\t\t<\/a>\n\t\t\t\t\t\t\t\t<\/div>\n\t\t\t\t\t<\/div>\n\t\t\t\t<\/div>\n\t\t<div class=\"elementor-element elementor-element-dc277ec e-flex e-con-boxed e-con e-parent\" data-id=\"dc277ec\" data-element_type=\"container\" data-e-type=\"container\">\n\t\t\t\t\t<div class=\"e-con-inner\">\n\t\t\t\t<div class=\"elementor-element elementor-element-de48619 elementor-widget elementor-widget-heading\" data-id=\"de48619\" data-element_type=\"widget\" data-e-type=\"widget\" data-widget_type=\"heading.default\">\n\t\t\t\t\t<h2 class=\"elementor-heading-title elementor-size-default\">Wybrane realizacje<\/h2>\t\t\t\t<\/div>\n\t\t\t\t<div class=\"elementor-element elementor-element-fdac38a elementor-widget elementor-widget-image-gallery\" data-id=\"fdac38a\" data-element_type=\"widget\" data-e-type=\"widget\" data-widget_type=\"image-gallery.default\">\n\t\t\t\t\t\t\t<div class=\"elementor-image-gallery\">\n\t\t\t<div id='gallery-2' class='gallery galleryid-25 gallery-columns-3 gallery-size-large'><figure class='gallery-item'>\n\t\t\t<div class='gallery-icon landscape'>\n\t\t\t\t<a data-elementor-open-lightbox=\"yes\" data-elementor-lightbox-slideshow=\"fdac38a\" data-elementor-lightbox-title=\"Zrzut ekranu 2026-02-25 o 08.34.53\" data-e-action-hash=\"#elementor-action%3Aaction%3Dlightbox%26settings%3DeyJpZCI6MTYxLCJ1cmwiOiJodHRwczpcL1wvbW9uaWthZnJhY3play5wbFwvd3AtY29udGVudFwvdXBsb2Fkc1wvMjAyNlwvMDJcL1pyenV0LWVrcmFudS0yMDI2LTAyLTI1LW8tMDguMzQuNTMucG5nIiwic2xpZGVzaG93IjoiZmRhYzM4YSJ9\" href='https:\/\/monikafraczek.pl\/wp-content\/uploads\/2026\/02\/Zrzut-ekranu-2026-02-25-o-08.34.53.png'><img loading=\"lazy\" decoding=\"async\" width=\"1024\" height=\"948\" src=\"https:\/\/monikafraczek.pl\/wp-content\/uploads\/2026\/02\/Zrzut-ekranu-2026-02-25-o-08.34.53-1024x948.png\" class=\"attachment-large size-large\" alt=\"\" srcset=\"https:\/\/monikafraczek.pl\/wp-content\/uploads\/2026\/02\/Zrzut-ekranu-2026-02-25-o-08.34.53-1024x948.png 1024w, https:\/\/monikafraczek.pl\/wp-content\/uploads\/2026\/02\/Zrzut-ekranu-2026-02-25-o-08.34.53-300x278.png 300w, https:\/\/monikafraczek.pl\/wp-content\/uploads\/2026\/02\/Zrzut-ekranu-2026-02-25-o-08.34.53-768x711.png 768w, https:\/\/monikafraczek.pl\/wp-content\/uploads\/2026\/02\/Zrzut-ekranu-2026-02-25-o-08.34.53.png 1514w\" sizes=\"(max-width: 1024px) 100vw, 1024px\" \/><\/a>\n\t\t\t<\/div><\/figure><figure class='gallery-item'>\n\t\t\t<div class='gallery-icon portrait'>\n\t\t\t\t<a data-elementor-open-lightbox=\"yes\" data-elementor-lightbox-slideshow=\"fdac38a\" data-elementor-lightbox-title=\"Zrzut ekranu 2026-01-21 o 15.35.44\" data-e-action-hash=\"#elementor-action%3Aaction%3Dlightbox%26settings%3DeyJpZCI6MTU5LCJ1cmwiOiJodHRwczpcL1wvbW9uaWthZnJhY3play5wbFwvd3AtY29udGVudFwvdXBsb2Fkc1wvMjAyNlwvMDJcL1pyenV0LWVrcmFudS0yMDI2LTAxLTIxLW8tMTUuMzUuNDQucG5nIiwic2xpZGVzaG93IjoiZmRhYzM4YSJ9\" href='https:\/\/monikafraczek.pl\/wp-content\/uploads\/2026\/02\/Zrzut-ekranu-2026-01-21-o-15.35.44.png'><img loading=\"lazy\" decoding=\"async\" width=\"915\" height=\"1024\" src=\"https:\/\/monikafraczek.pl\/wp-content\/uploads\/2026\/02\/Zrzut-ekranu-2026-01-21-o-15.35.44-915x1024.png\" class=\"attachment-large size-large\" alt=\"\" srcset=\"https:\/\/monikafraczek.pl\/wp-content\/uploads\/2026\/02\/Zrzut-ekranu-2026-01-21-o-15.35.44-915x1024.png 915w, https:\/\/monikafraczek.pl\/wp-content\/uploads\/2026\/02\/Zrzut-ekranu-2026-01-21-o-15.35.44-268x300.png 268w, https:\/\/monikafraczek.pl\/wp-content\/uploads\/2026\/02\/Zrzut-ekranu-2026-01-21-o-15.35.44-768x860.png 768w, https:\/\/monikafraczek.pl\/wp-content\/uploads\/2026\/02\/Zrzut-ekranu-2026-01-21-o-15.35.44.png 1186w\" sizes=\"(max-width: 915px) 100vw, 915px\" \/><\/a>\n\t\t\t<\/div><\/figure><figure class='gallery-item'>\n\t\t\t<div class='gallery-icon landscape'>\n\t\t\t\t<a data-elementor-open-lightbox=\"yes\" data-elementor-lightbox-slideshow=\"fdac38a\" data-elementor-lightbox-title=\"Zrzut ekranu 2025-12-10 o 11.35.36\" data-e-action-hash=\"#elementor-action%3Aaction%3Dlightbox%26settings%3DeyJpZCI6NTIsInVybCI6Imh0dHBzOlwvXC9tb25pa2FmcmFjemVrLnBsXC93cC1jb250ZW50XC91cGxvYWRzXC8yMDI2XC8wMlwvWnJ6dXQtZWtyYW51LTIwMjUtMTItMTAtby0xMS4zNS4zNi5wbmciLCJzbGlkZXNob3ciOiJmZGFjMzhhIn0%3D\" href='https:\/\/monikafraczek.pl\/wp-content\/uploads\/2026\/02\/Zrzut-ekranu-2025-12-10-o-11.35.36.png'><img loading=\"lazy\" decoding=\"async\" width=\"1024\" height=\"776\" src=\"https:\/\/monikafraczek.pl\/wp-content\/uploads\/2026\/02\/Zrzut-ekranu-2025-12-10-o-11.35.36-1024x776.png\" class=\"attachment-large size-large\" alt=\"\" srcset=\"https:\/\/monikafraczek.pl\/wp-content\/uploads\/2026\/02\/Zrzut-ekranu-2025-12-10-o-11.35.36-1024x776.png 1024w, https:\/\/monikafraczek.pl\/wp-content\/uploads\/2026\/02\/Zrzut-ekranu-2025-12-10-o-11.35.36-300x227.png 300w, https:\/\/monikafraczek.pl\/wp-content\/uploads\/2026\/02\/Zrzut-ekranu-2025-12-10-o-11.35.36-768x582.png 768w, https:\/\/monikafraczek.pl\/wp-content\/uploads\/2026\/02\/Zrzut-ekranu-2025-12-10-o-11.35.36-1536x1164.png 1536w, https:\/\/monikafraczek.pl\/wp-content\/uploads\/2026\/02\/Zrzut-ekranu-2025-12-10-o-11.35.36.png 1634w\" sizes=\"(max-width: 1024px) 100vw, 1024px\" \/><\/a>\n\t\t\t<\/div><\/figure>\n\t\t<\/div>\n\t\t<\/div>\n\t\t\t\t\t\t<\/div>\n\t\t\t\t\t<\/div>\n\t\t\t\t<\/div>\n\t\t\t\t<\/div>\n\t\t","protected":false},"excerpt":{"rendered":"<p>Dla kogo tworz\u0119 strony? Pomagam rozwija\u0107 Tw\u00f3j biznes online. Lokalne firmy Marki osobiste Sklepy e-commerce Proces wsp\u00f3\u0142pracy Skontaktuj si\u0119 ze [&hellip;]<\/p>\n","protected":false},"author":1,"featured_media":0,"parent":0,"menu_order":1,"comment_status":"closed","ping_status":"closed","template":"elementor_header_footer","meta":{"site-sidebar-layout":"no-sidebar","site-content-layout":"","ast-site-content-layout":"full-width-container","site-content-style":"default","site-sidebar-style":"default","ast-global-header-display":"","ast-banner-title-visibility":"","ast-main-header-display":"","ast-hfb-above-header-display":"","ast-hfb-below-header-display":"","ast-hfb-mobile-header-display":"","site-post-title":"disabled","ast-breadcrumbs-content":"","ast-featured-img":"disabled","footer-sml-layout":"","ast-disable-related-posts":"","theme-transparent-header-meta":"","adv-header-id-meta":"","stick-header-meta":"","header-above-stick-meta":"","header-main-stick-meta":"","header-below-stick-meta":"","astra-migrate-meta-layouts":"default","ast-page-background-enabled":"default","ast-page-background-meta":{"desktop":{"background-color":"var(--ast-global-color-5)","background-image":"","background-repeat":"repeat","background-position":"center center","background-size":"auto","background-attachment":"scroll","background-type":"","background-media":"","overlay-type":"","overlay-color":"","overlay-opacity":"","overlay-gradient":""},"tablet":{"background-color":"","background-image":"","background-repeat":"repeat","background-position":"center center","background-size":"auto","background-attachment":"scroll","background-type":"","background-media":"","overlay-type":"","overlay-color":"","overlay-opacity":"","overlay-gradient":""},"mobile":{"background-color":"","background-image":"","background-repeat":"repeat","background-position":"center center","background-size":"auto","background-attachment":"scroll","background-type":"","background-media":"","overlay-type":"","overlay-color":"","overlay-opacity":"","overlay-gradient":""}},"ast-content-background-meta":{"desktop":{"background-color":"var(--ast-global-color-4)","background-image":"","background-repeat":"repeat","background-position":"center center","background-size":"auto","background-attachment":"scroll","background-type":"","background-media":"","overlay-type":"","overlay-color":"","overlay-opacity":"","overlay-gradient":""},"tablet":{"background-color":"var(--ast-global-color-4)","background-image":"","background-repeat":"repeat","background-position":"center center","background-size":"auto","background-attachment":"scroll","background-type":"","background-media":"","overlay-type":"","overlay-color":"","overlay-opacity":"","overlay-gradient":""},"mobile":{"background-color":"var(--ast-global-color-4)","background-image":"","background-repeat":"repeat","background-position":"center center","background-size":"auto","background-attachment":"scroll","background-type":"","background-media":"","overlay-type":"","overlay-color":"","overlay-opacity":"","overlay-gradient":""}},"two_page_speed":[],"footnotes":""},"class_list":["post-25","page","type-page","status-publish","hentry"],"_links":{"self":[{"href":"https:\/\/monikafraczek.pl\/index.php?rest_route=\/wp\/v2\/pages\/25","targetHints":{"allow":["GET"]}}],"collection":[{"href":"https:\/\/monikafraczek.pl\/index.php?rest_route=\/wp\/v2\/pages"}],"about":[{"href":"https:\/\/monikafraczek.pl\/index.php?rest_route=\/wp\/v2\/types\/page"}],"author":[{"embeddable":true,"href":"https:\/\/monikafraczek.pl\/index.php?rest_route=\/wp\/v2\/users\/1"}],"replies":[{"embeddable":true,"href":"https:\/\/monikafraczek.pl\/index.php?rest_route=%2Fwp%2Fv2%2Fcomments&post=25"}],"version-history":[{"count":3,"href":"https:\/\/monikafraczek.pl\/index.php?rest_route=\/wp\/v2\/pages\/25\/revisions"}],"predecessor-version":[{"id":234,"href":"https:\/\/monikafraczek.pl\/index.php?rest_route=\/wp\/v2\/pages\/25\/revisions\/234"}],"wp:attachment":[{"href":"https:\/\/monikafraczek.pl\/index.php?rest_route=%2Fwp%2Fv2%2Fmedia&parent=25"}],"curies":[{"name":"wp","href":"https:\/\/api.w.org\/{rel}","templated":true}]}}