{"id":58,"date":"2026-02-17T18:10:08","date_gmt":"2026-02-17T17:10:08","guid":{"rendered":"http:\/\/proba.grilluxe.pl\/?page_id=58"},"modified":"2026-02-25T19:11:08","modified_gmt":"2026-02-25T18:11:08","slug":"oferta","status":"publish","type":"page","link":"https:\/\/monikafraczek.pl\/?page_id=58","title":{"rendered":"Oferta"},"content":{"rendered":"\t\t<div data-elementor-type=\"wp-page\" data-elementor-id=\"58\" class=\"elementor elementor-58\">\n\t\t\t\t<div class=\"elementor-element elementor-element-64e8acd e-flex e-con-boxed e-con e-parent\" data-id=\"64e8acd\" data-element_type=\"container\" data-e-type=\"container\">\n\t\t\t\t\t<div class=\"e-con-inner\">\n\t\t\t\t<div class=\"elementor-element elementor-element-64e9c44 elementor-widget elementor-widget-text-editor\" data-id=\"64e9c44\" data-element_type=\"widget\" data-e-type=\"widget\" data-widget_type=\"text-editor.default\">\n\t\t\t\t\t\t\t\t\t<h2><span class=\"s1\">Twoja strona ma zarabia\u0107. Je\u015bli nie zarabia \u2013 jest kosztem.<\/span><\/h2><p class=\"p3\"><span class=\"s2\">Wi\u0119kszo\u015b\u0107 stron internetowych wygl\u0105da \u201ew porz\u0105dku\u201d.<\/span><\/p><p class=\"p3\"><span class=\"s2\">Problem w tym, \u017ce nie sprzedaje.<\/span><\/p><p class=\"p3\"><span class=\"s2\">Projektuj\u0119 strony, kt\u00f3re s\u0105 realnym narz\u0119dziem generowania zapyta\u0144 i sprzeda\u017cy. Oparte na strategii, psychologii decyzji i przemy\u015blanym lejku konwersji. Ka\u017cdy element \u2013 od nag\u0142\u00f3wka po przycisk CTA \u2013 ma jedno zadanie: zwi\u0119kszy\u0107 liczb\u0119 klient\u00f3w.<\/span><\/p><p class=\"p3\"><span class=\"s2\">Nie tworz\u0119 stron \u201ebo \u0142adnie wygl\u0105daj\u0105\u201d.<\/span><\/p><p class=\"p3\"><span class=\"s2\">Tworz\u0119 system sprzeda\u017cowy online.<\/span><\/p><p class=\"p3\"><span class=\"s2\">Co to oznacza w praktyce?<\/span><\/p><p class=\"p3\"><span style=\"font-style: inherit;\">Strategiczne rozplanowanie struktury strony pod konwersj\u0119<\/span><\/p><p class=\"p3\"><span style=\"font-style: inherit;\">Copywriting, kt\u00f3ry buduje potrzeb\u0119 i prowadzi do dzia\u0142ania<\/span><\/p><p class=\"p3\"><span style=\"font-style: inherit;\">Optymalizacja pod SEO i przysz\u0142e kampanie reklamowe<\/span><\/p><p class=\"p3\"><span style=\"font-style: inherit;\">Szybko\u015b\u0107 dzia\u0142ania i perfekcyjna wersja mobilna<\/span><\/p><p class=\"p3\"><span style=\"font-style: inherit;\">Integracje z reklamami, analityk\u0105 i automatyzacj\u0105<\/span><\/p><p class=\"p3\"><span class=\"s2\">Twoja konkurencja ju\u017c inwestuje w marketing online.<\/span><\/p><p class=\"p3\"><span class=\"s2\">Pytanie brzmi: czy Twoja strona pomaga Ci wygrywa\u0107, czy tylko istnieje?<\/span><\/p><p class=\"p3\"><span class=\"s2\">Je\u015bli zale\u017cy Ci na realnych wynikach, skalowaniu firmy i profesjonalnym wizerunku \u2014 wybierz rozwi\u0105zanie dopasowane do ambicji Twojego biznesu<\/span><\/p>\t\t\t\t\t\t\t\t<\/div>\n\t\t\t\t\t<\/div>\n\t\t\t\t<\/div>\n\t\t<div class=\"elementor-element elementor-element-9627a21 e-con-full e-flex e-con e-parent\" data-id=\"9627a21\" data-element_type=\"container\" data-e-type=\"container\">\n\t\t<div class=\"elementor-element elementor-element-ace887e e-con-full e-flex e-con e-child\" data-id=\"ace887e\" data-element_type=\"container\" data-e-type=\"container\" data-settings=\"{&quot;background_background&quot;:&quot;slideshow&quot;,&quot;background_slideshow_gallery&quot;:[{&quot;id&quot;:10,&quot;url&quot;:&quot;http:\\\/\\\/proba.grilluxe.pl\\\/wp-content\\\/uploads\\\/2026\\\/02\\\/Projekt-bez-nazwy.png&quot;}],&quot;background_slideshow_loop&quot;:&quot;yes&quot;,&quot;background_slideshow_slide_duration&quot;:5000,&quot;background_slideshow_slide_transition&quot;:&quot;fade&quot;,&quot;background_slideshow_transition_duration&quot;:500}\">\n\t\t\t\t<div class=\"elementor-element elementor-element-5f3d25b elementor-widget elementor-widget-heading\" data-id=\"5f3d25b\" data-element_type=\"widget\" data-e-type=\"widget\" data-widget_type=\"heading.default\">\n\t\t\t\t\t<h2 class=\"elementor-heading-title elementor-size-default\">Pakiet Start<\/h2>\t\t\t\t<\/div>\n\t\t<div class=\"elementor-element elementor-element-3d92ea2 e-con-full e-flex e-con e-child\" data-id=\"3d92ea2\" data-element_type=\"container\" data-e-type=\"container\">\n\t\t\t\t<div class=\"elementor-element elementor-element-43bc97e elementor-widget elementor-widget-heading\" data-id=\"43bc97e\" data-element_type=\"widget\" data-e-type=\"widget\" data-widget_type=\"heading.default\">\n\t\t\t\t\t<h2 class=\"elementor-heading-title elementor-size-default\"><p data-start=\"245\" data-end=\"313\" style=\"font-style: normal;white-space: normal\"><strong data-start=\"245\" data-end=\"258\">Dla kogo:<\/strong>&nbsp;mikrofirmy, jednoosobowe dzia\u0142alno\u015bci, lokalne us\u0142ugi.<\/p><p data-start=\"315\" data-end=\"326\" style=\"font-style: normal;white-space: normal\"><strong data-start=\"315\" data-end=\"326\">Zakres:<\/strong><\/p><ul data-start=\"327\" data-end=\"681\" style=\"font-style: normal;white-space: normal\"><li data-start=\"327\" data-end=\"363\"><p data-start=\"329\" data-end=\"363\">Strona typu One Page (do 5 sekcji)<\/p><\/li><li data-start=\"364\" data-end=\"416\"><p data-start=\"366\" data-end=\"416\">Indywidualny projekt graficzny (na bazie szablonu)<\/p><\/li><li data-start=\"417\" data-end=\"466\"><p data-start=\"419\" data-end=\"466\">Pe\u0142na responsywno\u015b\u0107 (mobile \/ tablet \/ desktop)<\/p><\/li><li data-start=\"467\" data-end=\"489\"><p data-start=\"469\" data-end=\"489\">Formularz kontaktowy<\/p><\/li><li data-start=\"490\" data-end=\"516\"><p data-start=\"492\" data-end=\"516\">Integracja z Google Maps<\/p><\/li><li data-start=\"517\" data-end=\"573\"><p data-start=\"519\" data-end=\"573\">Podstawowa optymalizacja SEO (meta title, description)<\/p><\/li><li data-start=\"574\" data-end=\"602\"><p data-start=\"576\" data-end=\"602\">Instalacja certyfikatu SSL<\/p><\/li><li data-start=\"603\" data-end=\"636\"><p data-start=\"605\" data-end=\"636\">Pod\u0142\u0105czenie do Google Analytics<\/p><\/li><li data-start=\"637\" data-end=\"681\"><p data-start=\"639\" data-end=\"681\">Szkolenie online (30 min) z obs\u0142ugi strony<\/p><\/li><\/ul><p data-start=\"683\" data-end=\"748\" style=\"font-style: normal;white-space: normal\"><strong data-start=\"683\" data-end=\"703\">Czas realizacji:<\/strong>&nbsp;5\u20137 dni roboczych<br data-start=\"721\" data-end=\"724\"><strong data-start=\"724\" data-end=\"733\">Cena:<\/strong>&nbsp;1 990 z\u0142 netto<span style=\"font-family: var( --e-global-typography-primary-font-family ), Sans-serif;font-size: 1.875rem;font-style: inherit;font-weight: var( --e-global-typography-primary-font-weight );white-space: pre-wrap;text-align: var(--text-align)\"><\/span><\/p><\/h2>\t\t\t\t<\/div>\n\t\t\t\t<\/div>\n\t\t\t\t<\/div>\n\t\t<div class=\"elementor-element elementor-element-c59edc7 e-con-full e-flex e-con e-child\" data-id=\"c59edc7\" data-element_type=\"container\" data-e-type=\"container\" data-settings=\"{&quot;background_background&quot;:&quot;slideshow&quot;,&quot;background_slideshow_gallery&quot;:[{&quot;id&quot;:10,&quot;url&quot;:&quot;http:\\\/\\\/proba.grilluxe.pl\\\/wp-content\\\/uploads\\\/2026\\\/02\\\/Projekt-bez-nazwy.png&quot;}],&quot;background_slideshow_loop&quot;:&quot;yes&quot;,&quot;background_slideshow_slide_duration&quot;:5000,&quot;background_slideshow_slide_transition&quot;:&quot;fade&quot;,&quot;background_slideshow_transition_duration&quot;:500}\">\n\t\t\t\t<div class=\"elementor-element elementor-element-7762954 elementor-widget elementor-widget-heading\" data-id=\"7762954\" data-element_type=\"widget\" data-e-type=\"widget\" data-widget_type=\"heading.default\">\n\t\t\t\t\t<h2 class=\"elementor-heading-title elementor-size-default\">Pakiet Biznes<\/h2>\t\t\t\t<\/div>\n\t\t<div class=\"elementor-element elementor-element-b21cf14 e-con-full e-flex e-con e-child\" data-id=\"b21cf14\" data-element_type=\"container\" data-e-type=\"container\">\n\t\t\t\t<div class=\"elementor-element elementor-element-b132fa8 elementor-widget elementor-widget-heading\" data-id=\"b132fa8\" data-element_type=\"widget\" data-e-type=\"widget\" data-widget_type=\"heading.default\">\n\t\t\t\t\t<h2 class=\"elementor-heading-title elementor-size-default\"><p data-start=\"776\" data-end=\"866\" style=\"font-style: normal;white-space: normal\"><strong data-start=\"776\" data-end=\"789\">Dla kogo:<\/strong>&nbsp;firmy us\u0142ugowe, sklepy lokalne, producenci, bran\u017ca budowlana, ogrodowa, itp.<\/p><p data-start=\"868\" data-end=\"879\" style=\"font-style: normal;white-space: normal\"><strong data-start=\"868\" data-end=\"879\">Zakres:<\/strong><\/p><ul data-start=\"880\" data-end=\"1324\" style=\"font-style: normal;white-space: normal\"><li data-start=\"880\" data-end=\"964\"><p data-start=\"882\" data-end=\"964\">Strona do 7 podstron (np. Strona g\u0142\u00f3wna, Oferta, Realizacje, O nas, Blog, Kontakt)<\/p><\/li><li data-start=\"965\" data-end=\"1018\"><p data-start=\"967\" data-end=\"1018\">Indywidualny projekt graficzny dopasowany do bran\u017cy<\/p><\/li><li data-start=\"1019\" data-end=\"1040\"><p data-start=\"1021\" data-end=\"1040\">Pe\u0142na responsywno\u015b\u0107<\/p><\/li><li data-start=\"1041\" data-end=\"1075\"><p data-start=\"1043\" data-end=\"1075\">Formularze (kontaktowy + wycena)<\/p><\/li><li data-start=\"1076\" data-end=\"1103\"><p data-start=\"1078\" data-end=\"1103\">Sekcja blog \/ aktualno\u015bci<\/p><\/li><li data-start=\"1104\" data-end=\"1131\"><p data-start=\"1106\" data-end=\"1131\">Optymalizacja SEO on-site<\/p><\/li><li data-start=\"1132\" data-end=\"1176\"><p data-start=\"1134\" data-end=\"1176\">Przygotowanie struktury pod pozycjonowanie<\/p><\/li><li data-start=\"1177\" data-end=\"1204\"><p data-start=\"1179\" data-end=\"1204\">Integracja z social media<\/p><\/li><li data-start=\"1205\" data-end=\"1245\"><p data-start=\"1207\" data-end=\"1245\">Instalacja Pixel Facebook \/ Google Tag<\/p><\/li><li data-start=\"1246\" data-end=\"1269\"><p data-start=\"1248\" data-end=\"1269\">Zabezpieczenia strony<\/p><\/li><li data-start=\"1270\" data-end=\"1293\"><p data-start=\"1272\" data-end=\"1293\">Szkolenie online (1h)<\/p><\/li><li data-start=\"1294\" data-end=\"1324\"><p data-start=\"1296\" data-end=\"1324\">14 dni wsparcia po wdro\u017ceniu<\/p><\/li><\/ul><p data-start=\"1326\" data-end=\"1393\" style=\"font-style: normal;white-space: normal\"><strong data-start=\"1326\" data-end=\"1346\">Czas realizacji:<\/strong>&nbsp;10\u201314 dni roboczych<br data-start=\"1366\" data-end=\"1369\"><strong data-start=\"1369\" data-end=\"1378\">Cena:<\/strong>&nbsp;3 990 z\u0142 netto<span style=\"font-family: var( --e-global-typography-primary-font-family ), Sans-serif;font-size: 1.875rem;font-style: inherit;font-weight: var( --e-global-typography-primary-font-weight );white-space: pre-wrap;text-align: var(--text-align)\"><\/span><\/p><\/h2>\t\t\t\t<\/div>\n\t\t\t\t<\/div>\n\t\t\t\t<\/div>\n\t\t<div class=\"elementor-element elementor-element-337db07 e-con-full e-flex e-con e-child\" data-id=\"337db07\" data-element_type=\"container\" data-e-type=\"container\" data-settings=\"{&quot;background_background&quot;:&quot;slideshow&quot;,&quot;background_slideshow_gallery&quot;:[{&quot;id&quot;:10,&quot;url&quot;:&quot;http:\\\/\\\/proba.grilluxe.pl\\\/wp-content\\\/uploads\\\/2026\\\/02\\\/Projekt-bez-nazwy.png&quot;}],&quot;background_slideshow_loop&quot;:&quot;yes&quot;,&quot;background_slideshow_slide_duration&quot;:5000,&quot;background_slideshow_slide_transition&quot;:&quot;fade&quot;,&quot;background_slideshow_transition_duration&quot;:500}\">\n\t\t\t\t<div class=\"elementor-element elementor-element-e2b1fca elementor-widget elementor-widget-heading\" data-id=\"e2b1fca\" data-element_type=\"widget\" data-e-type=\"widget\" data-widget_type=\"heading.default\">\n\t\t\t\t\t<h2 class=\"elementor-heading-title elementor-size-default\">Pakiet PREMIUM<\/h2>\t\t\t\t<\/div>\n\t\t<div class=\"elementor-element elementor-element-3b2ba19 e-con-full e-flex e-con e-child\" data-id=\"3b2ba19\" data-element_type=\"container\" data-e-type=\"container\">\n\t\t\t\t<div class=\"elementor-element elementor-element-7cd75c8 elementor-widget elementor-widget-heading\" data-id=\"7cd75c8\" data-element_type=\"widget\" data-e-type=\"widget\" data-widget_type=\"heading.default\">\n\t\t\t\t\t<h2 class=\"elementor-heading-title elementor-size-default\"><p data-start=\"1422\" data-end=\"1501\" style=\"font-style: normal;white-space: normal\"><strong data-start=\"1422\" data-end=\"1435\">Dla kogo:<\/strong>&nbsp;firmy, kt\u00f3re chc\u0105 generowa\u0107 realne zapytania i skalowa\u0107 sprzeda\u017c.<\/p><p data-start=\"1503\" data-end=\"1514\" style=\"font-style: normal;white-space: normal\"><strong data-start=\"1503\" data-end=\"1514\">Zakres:<\/strong><\/p><ul data-start=\"1515\" data-end=\"1990\" style=\"font-style: normal;white-space: normal\"><li data-start=\"1515\" data-end=\"1578\"><p data-start=\"1517\" data-end=\"1578\">Strona do 12 podstron lub sklep internetowy (do 50 produkt\u00f3w)<\/p><\/li><li data-start=\"1579\" data-end=\"1605\"><p data-start=\"1581\" data-end=\"1605\">Dedykowany projekt UX\/UI<\/p><\/li><li data-start=\"1606\" data-end=\"1654\"><p data-start=\"1608\" data-end=\"1654\">Strategiczne rozplanowanie lejka sprzeda\u017cowego<\/p><\/li><li data-start=\"1655\" data-end=\"1696\"><p data-start=\"1657\" data-end=\"1696\">Copywriting sprzeda\u017cowy (do 5 podstron)<\/p><\/li><li data-start=\"1697\" data-end=\"1726\"><p data-start=\"1699\" data-end=\"1726\">Zaawansowane SEO techniczne<\/p><\/li><li data-start=\"1727\" data-end=\"1766\"><p data-start=\"1729\" data-end=\"1766\">Integracja z systemem p\u0142atno\u015bci \/ CRM<\/p><\/li><li data-start=\"1767\" data-end=\"1818\"><p data-start=\"1769\" data-end=\"1818\">Konfiguracja automatyzacji (np. e-mail marketing)<\/p><\/li><li data-start=\"1819\" data-end=\"1851\"><p data-start=\"1821\" data-end=\"1851\">Optymalizacja szybko\u015bci strony<\/p><\/li><li data-start=\"1852\" data-end=\"1914\"><p data-start=\"1854\" data-end=\"1914\">Konfiguracja reklam (Meta \/ Google \u2013 instalacja + struktura)<\/p><\/li><li data-start=\"1915\" data-end=\"1945\"><p data-start=\"1917\" data-end=\"1945\">30 dni wsparcia technicznego<\/p><\/li><li data-start=\"1946\" data-end=\"1990\"><p data-start=\"1948\" data-end=\"1990\">Pe\u0142ne szkolenie z obs\u0142ugi (nagranie + PDF)<\/p><\/li><\/ul><p data-start=\"1992\" data-end=\"2062\" style=\"font-style: normal;white-space: normal\"><strong data-start=\"1992\" data-end=\"2012\">Czas realizacji:<\/strong>&nbsp;14\u201321 dni roboczych<br data-start=\"2032\" data-end=\"2035\"><strong data-start=\"2035\" data-end=\"2044\">Cena:<\/strong>&nbsp;od 6 990 z\u0142 netto<span style=\"font-family: var( --e-global-typography-primary-font-family ), Sans-serif;font-size: 1.875rem;font-style: inherit;font-weight: var( --e-global-typography-primary-font-weight );white-space: pre-wrap;text-align: var(--text-align)\"><\/span><\/p><\/h2>\t\t\t\t<\/div>\n\t\t\t\t<\/div>\n\t\t\t\t<\/div>\n\t\t\t\t<\/div>\n\t\t<div class=\"elementor-element elementor-element-dcf8b76 e-grid e-con-boxed e-con e-parent\" data-id=\"dcf8b76\" data-element_type=\"container\" data-e-type=\"container\">\n\t\t\t\t\t<div class=\"e-con-inner\">\n\t\t\t\t<div class=\"elementor-element elementor-element-4f673b6 elementor-align-center elementor-widget elementor-widget-button\" data-id=\"4f673b6\" data-element_type=\"widget\" data-e-type=\"widget\" data-widget_type=\"button.default\">\n\t\t\t\t\t\t\t\t\t\t<a class=\"elementor-button elementor-button-link elementor-size-sm\" href=\"https:\/\/monikafraczek.pl\/?page_id=100\">\n\t\t\t\t\t\t<span class=\"elementor-button-content-wrapper\">\n\t\t\t\t\t\t\t\t\t<span class=\"elementor-button-text\">Zam\u00f3w<\/span>\n\t\t\t\t\t<\/span>\n\t\t\t\t\t<\/a>\n\t\t\t\t\t\t\t\t<\/div>\n\t\t\t\t<div class=\"elementor-element elementor-element-2cb6a01 elementor-align-center elementor-widget elementor-widget-button\" data-id=\"2cb6a01\" data-element_type=\"widget\" data-e-type=\"widget\" data-widget_type=\"button.default\">\n\t\t\t\t\t\t\t\t\t\t<a class=\"elementor-button elementor-button-link elementor-size-sm\" href=\"https:\/\/monikafraczek.pl\/?page_id=100\">\n\t\t\t\t\t\t<span class=\"elementor-button-content-wrapper\">\n\t\t\t\t\t\t\t\t\t<span class=\"elementor-button-text\">Zam\u00f3w<\/span>\n\t\t\t\t\t<\/span>\n\t\t\t\t\t<\/a>\n\t\t\t\t\t\t\t\t<\/div>\n\t\t\t\t<div class=\"elementor-element elementor-element-882d5e6 elementor-align-center elementor-widget elementor-widget-button\" data-id=\"882d5e6\" data-element_type=\"widget\" data-e-type=\"widget\" data-widget_type=\"button.default\">\n\t\t\t\t\t\t\t\t\t\t<a class=\"elementor-button elementor-button-link elementor-size-sm\" href=\"https:\/\/monikafraczek.pl\/?page_id=100\">\n\t\t\t\t\t\t<span class=\"elementor-button-content-wrapper\">\n\t\t\t\t\t\t\t\t\t<span class=\"elementor-button-text\">Zam\u00f3w<\/span>\n\t\t\t\t\t<\/span>\n\t\t\t\t\t<\/a>\n\t\t\t\t\t\t\t\t<\/div>\n\t\t\t\t\t<\/div>\n\t\t\t\t<\/div>\n\t\t\t\t<\/div>\n\t\t","protected":false},"excerpt":{"rendered":"<p>Twoja strona ma zarabia\u0107. Je\u015bli nie zarabia \u2013 jest kosztem. Wi\u0119kszo\u015b\u0107 stron internetowych wygl\u0105da \u201ew porz\u0105dku\u201d. Problem w tym, \u017ce [&hellip;]<\/p>\n","protected":false},"author":1,"featured_media":0,"parent":0,"menu_order":0,"comment_status":"closed","ping_status":"closed","template":"","meta":{"site-sidebar-layout":"no-sidebar","site-content-layout":"","ast-site-content-layout":"full-width-container","site-content-style":"default","site-sidebar-style":"default","ast-global-header-display":"","ast-banner-title-visibility":"","ast-main-header-display":"","ast-hfb-above-header-display":"","ast-hfb-below-header-display":"","ast-hfb-mobile-header-display":"","site-post-title":"disabled","ast-breadcrumbs-content":"","ast-featured-img":"disabled","footer-sml-layout":"","ast-disable-related-posts":"","theme-transparent-header-meta":"","adv-header-id-meta":"","stick-header-meta":"","header-above-stick-meta":"","header-main-stick-meta":"","header-below-stick-meta":"","astra-migrate-meta-layouts":"default","ast-page-background-enabled":"default","ast-page-background-meta":{"desktop":{"background-color":"var(--ast-global-color-5)","background-image":"","background-repeat":"repeat","background-position":"center center","background-size":"auto","background-attachment":"scroll","background-type":"","background-media":"","overlay-type":"","overlay-color":"","overlay-opacity":"","overlay-gradient":""},"tablet":{"background-color":"","background-image":"","background-repeat":"repeat","background-position":"center center","background-size":"auto","background-attachment":"scroll","background-type":"","background-media":"","overlay-type":"","overlay-color":"","overlay-opacity":"","overlay-gradient":""},"mobile":{"background-color":"","background-image":"","background-repeat":"repeat","background-position":"center center","background-size":"auto","background-attachment":"scroll","background-type":"","background-media":"","overlay-type":"","overlay-color":"","overlay-opacity":"","overlay-gradient":""}},"ast-content-background-meta":{"desktop":{"background-color":"var(--ast-global-color-4)","background-image":"","background-repeat":"repeat","background-position":"center center","background-size":"auto","background-attachment":"scroll","background-type":"","background-media":"","overlay-type":"","overlay-color":"","overlay-opacity":"","overlay-gradient":""},"tablet":{"background-color":"var(--ast-global-color-4)","background-image":"","background-repeat":"repeat","background-position":"center center","background-size":"auto","background-attachment":"scroll","background-type":"","background-media":"","overlay-type":"","overlay-color":"","overlay-opacity":"","overlay-gradient":""},"mobile":{"background-color":"var(--ast-global-color-4)","background-image":"","background-repeat":"repeat","background-position":"center center","background-size":"auto","background-attachment":"scroll","background-type":"","background-media":"","overlay-type":"","overlay-color":"","overlay-opacity":"","overlay-gradient":""}},"two_page_speed":[],"footnotes":""},"class_list":["post-58","page","type-page","status-publish","hentry"],"_links":{"self":[{"href":"https:\/\/monikafraczek.pl\/index.php?rest_route=\/wp\/v2\/pages\/58","targetHints":{"allow":["GET"]}}],"collection":[{"href":"https:\/\/monikafraczek.pl\/index.php?rest_route=\/wp\/v2\/pages"}],"about":[{"href":"https:\/\/monikafraczek.pl\/index.php?rest_route=\/wp\/v2\/types\/page"}],"author":[{"embeddable":true,"href":"https:\/\/monikafraczek.pl\/index.php?rest_route=\/wp\/v2\/users\/1"}],"replies":[{"embeddable":true,"href":"https:\/\/monikafraczek.pl\/index.php?rest_route=%2Fwp%2Fv2%2Fcomments&post=58"}],"version-history":[{"count":6,"href":"https:\/\/monikafraczek.pl\/index.php?rest_route=\/wp\/v2\/pages\/58\/revisions"}],"predecessor-version":[{"id":223,"href":"https:\/\/monikafraczek.pl\/index.php?rest_route=\/wp\/v2\/pages\/58\/revisions\/223"}],"wp:attachment":[{"href":"https:\/\/monikafraczek.pl\/index.php?rest_route=%2Fwp%2Fv2%2Fmedia&parent=58"}],"curies":[{"name":"wp","href":"https:\/\/api.w.org\/{rel}","templated":true}]}}